{"id":24502,"date":"2024-09-06T10:45:20","date_gmt":"2024-09-06T08:45:20","guid":{"rendered":"https:\/\/danskvagt.dk\/basket\/"},"modified":"2025-11-25T17:19:35","modified_gmt":"2025-11-25T16:19:35","slug":"basket","status":"publish","type":"page","link":"https:\/\/danskvagt.dk\/en\/basket\/","title":{"rendered":"Basket"},"content":{"rendered":"<table style=\"background-color: #7f54b3; padding: 10px; border-radius: 5px;\">\n<tbody>\n<tr>\n<td style=\"border-width: 0px;\">\n<p><strong style=\"color: #ffffff !important;\">Vi er desv\u00e6rre ramt af sygdom i \u00f8jeblikket, hvilket betyder l\u00e6ngere leveringstid end normalt. Der kan g\u00e5 op til 1 uge, f\u00f8r din ordre bliver afsendt.<\/strong><\/p>\n<p><strong style=\"color: #ffffff !important;\">Bem\u00e6rk venligst, at vores kundeservice-telefon (+45 31 25 27 27) derfor heller ikke vil blive besvaret i denne periode. Vi takker for din t\u00e5lmodighed og forst\u00e5else.<\/strong><\/p>\n<\/td>\n<\/tr>\n<\/tbody>\n<\/table>\n\n","protected":false},"excerpt":{"rendered":"","protected":false},"author":199,"featured_media":0,"parent":0,"menu_order":4,"comment_status":"closed","ping_status":"closed","template":"","meta":{"_acf_changed":false,"footnotes":""},"class_list":["post-24502","page","type-page","status-publish"],"acf":[],"_links":{"self":[{"href":"https:\/\/danskvagt.dk\/en\/wp-json\/wp\/v2\/pages\/24502","targetHints":{"allow":["GET"]}}],"collection":[{"href":"https:\/\/danskvagt.dk\/en\/wp-json\/wp\/v2\/pages"}],"about":[{"href":"https:\/\/danskvagt.dk\/en\/wp-json\/wp\/v2\/types\/page"}],"author":[{"embeddable":true,"href":"https:\/\/danskvagt.dk\/en\/wp-json\/wp\/v2\/users\/199"}],"replies":[{"embeddable":true,"href":"https:\/\/danskvagt.dk\/en\/wp-json\/wp\/v2\/comments?post=24502"}],"version-history":[{"count":20,"href":"https:\/\/danskvagt.dk\/en\/wp-json\/wp\/v2\/pages\/24502\/revisions"}],"predecessor-version":[{"id":29379,"href":"https:\/\/danskvagt.dk\/en\/wp-json\/wp\/v2\/pages\/24502\/revisions\/29379"}],"wp:attachment":[{"href":"https:\/\/danskvagt.dk\/en\/wp-json\/wp\/v2\/media?parent=24502"}],"curies":[{"name":"wp","href":"https:\/\/api.w.org\/{rel}","templated":true}]}}