{"id":25503,"date":"2019-11-07T13:23:44","date_gmt":"2024-09-07T07:48:46","guid":{"rendered":"https:\/\/danskvagt.dk\/butik\/uncategorized\/headset-with-shock-attenuation-boom-microphone-and-xlr-plug-copies\/"},"modified":"2025-07-09T11:56:24","modified_gmt":"2025-07-09T09:56:24","slug":"headset-with-shock-attenuation-boom-microphone-and-xlr-plug-copies","status":"publish","type":"product","link":"https:\/\/danskvagt.dk\/en\/shop\/walkie-talkie-accessories-and-bags\/earbuds-headset-accessories\/headset-with-shock-attenuation-boom-microphone-and-xlr-plug-copies\/","title":{"rendered":"Headset with speaker and noise canceling on one ear, with boom microphone. Kenwood connectors"},"content":{"rendered":"<div class=\"su-spoiler su-spoiler-style-fancy su-spoiler-icon-arrow su-spoiler-closed\" data-scroll-offset=\"0\" data-anchor-in-url=\"no\"><div class=\"su-spoiler-title\" tabindex=\"0\" role=\"button\"><span class=\"su-spoiler-icon\"><\/span>Read more about the technical details here: ....<\/div><div class=\"su-spoiler-content su-u-clearfix su-u-trim\">Noise-canceling headset with boom microphone.<\/p>\n<p><strong>Features:<\/strong><\/p>\n<p>Highly functional in terms of noise reduction<br \/>\nHigh durability with very good voice transmission\/reproduction<br \/>\nOne-sided imitation leather earpiece<br \/>\nPositive headset microphone<br \/>\nFlexible signal transmission<br \/>\nTwo-way radio headset over head boom microphone.<br \/>\nHigh quality headband phone with large PTT unit with the possibility to connect an external PTT to it.<br \/>\nThe unit has a swivel boom microphone allowing either left or right ear use. Kevlar lined for extra strength.<\/p>\n<p><strong>Design:<\/strong><\/p>\n<p>Environmental PU Cable<br \/>\nKevlar reinforced robust design<\/p>\n<p><strong>Microphone Specifications:<\/strong><\/p>\n<p>Dimension: \u00d8 6mm x 5mm<br \/>\nSensitivity: -40 \u00b1 2 dB<br \/>\nDirection: Omnidirectional<\/p>\n<p><strong>Speaker specifications:<\/strong><\/p>\n<p>Dimension: \u00d8 15mm Impedance: 32\u03a9 \u00b1 15%<br \/>\nPower Rating: Normal 30mW Maximum 50mW<\/p>\n<p><strong>Environmental specifications:<\/strong><\/p>\n<p>Operating temperature range: -40\u00ba C ~ + 80\u00ba C<br \/>\nStorage temperature range: -45\u00ba C ~ + 85\u00ba C<\/p>\n<p><strong>Cable Specifications:<\/strong><\/p>\n<p>Cable diameter: \u00d8 2.6 mm, \u00d8 2.5 mm, \u00d8 2.0 mm<br \/>\nColor: Black<br \/>\nMaterial: Polyurethane\/kevlar reinforced <\/div><\/div>\n","protected":false},"excerpt":{"rendered":"<p><span style=\"color: #000000;\">Noise-canceling 1-ear headset with boom microphone.<\/span><\/p>\n<p><span style=\"color: #696969;\">Great noise-canceling headset that sits comfortably on the head.<\/span><\/p>\n<p><span style=\"color: #696969;\">We carry this headset in black color.<\/span><\/p>\n<p><span style=\"color: #696969; font-family: 'Roboto',Arial,'Microsoft YaHei',sans-serif;\">The kit is available with connection (connector type) for <em><strong>all types of radios<\/strong><\/em>. <\/span><\/p>\n<p><span style=\"color: #696969; font-family: 'Roboto',Arial,'Microsoft YaHei',sans-serif;\">We have &#8220;Kenwood&#8221; type wire (2-pin 3.5 mm, 12 mm between pins) in stock. The only type we stock is the Kenwood plug type <\/span><\/p>\n<p><span style=\"color: #696969;\"><em>See more below and in the overview of connector types.<\/em><\/span><\/p>\n","protected":false},"featured_media":7247,"comment_status":"open","ping_status":"closed","template":"","meta":{"_acf_changed":false},"product_brand":[],"product_cat":[1333,1251,1250],"product_tag":[1754,1753,1752,1767,1756,1755],"class_list":{"0":"post-25503","1":"product","2":"type-product","3":"status-publish","4":"has-post-thumbnail","6":"product_cat-earbuds-headset-accessories","7":"product_cat-inrico-ip-radios","8":"product_cat-talkpod-ip-radios","9":"product_tag-earphones-for-two-way-radios","10":"product_tag-earphones-with-kenwood-2-pin-type-plug","11":"product_tag-headset-for-kenwood-2-connector-type-plug","12":"product_tag-headset-for-1-cent","13":"product_tag-peltor-for-walkie-talkie","14":"product_tag-walkie-talkie-earphones","16":"first","17":"instock","18":"taxable","19":"shipping-taxable","20":"purchasable","21":"product-type-simple"},"acf":[],"_links":{"self":[{"href":"https:\/\/danskvagt.dk\/en\/wp-json\/wp\/v2\/product\/25503","targetHints":{"allow":["GET"]}}],"collection":[{"href":"https:\/\/danskvagt.dk\/en\/wp-json\/wp\/v2\/product"}],"about":[{"href":"https:\/\/danskvagt.dk\/en\/wp-json\/wp\/v2\/types\/product"}],"replies":[{"embeddable":true,"href":"https:\/\/danskvagt.dk\/en\/wp-json\/wp\/v2\/comments?post=25503"}],"version-history":[{"count":0,"href":"https:\/\/danskvagt.dk\/en\/wp-json\/wp\/v2\/product\/25503\/revisions"}],"wp:featuredmedia":[{"embeddable":true,"href":"https:\/\/danskvagt.dk\/en\/wp-json\/wp\/v2\/media\/7247"}],"wp:attachment":[{"href":"https:\/\/danskvagt.dk\/en\/wp-json\/wp\/v2\/media?parent=25503"}],"wp:term":[{"taxonomy":"product_brand","embeddable":true,"href":"https:\/\/danskvagt.dk\/en\/wp-json\/wp\/v2\/product_brand?post=25503"},{"taxonomy":"product_cat","embeddable":true,"href":"https:\/\/danskvagt.dk\/en\/wp-json\/wp\/v2\/product_cat?post=25503"},{"taxonomy":"product_tag","embeddable":true,"href":"https:\/\/danskvagt.dk\/en\/wp-json\/wp\/v2\/product_tag?post=25503"}],"curies":[{"name":"wp","href":"https:\/\/api.w.org\/{rel}","templated":true}]}}